{"id":4746,"date":"2020-10-18T13:07:58","date_gmt":"2020-10-18T17:07:58","guid":{"rendered":"https:\/\/divalookacademy.com\/about\/"},"modified":"2026-01-18T03:56:36","modified_gmt":"2026-01-18T07:56:36","slug":"a-propos-de-nous","status":"publish","type":"page","link":"https:\/\/divalookacademy.com\/fr\/a-propos-de-nous\/","title":{"rendered":"\u00c0 propos de nous"},"content":{"rendered":"\t\t<div data-elementor-type=\"wp-page\" data-elementor-id=\"4746\" class=\"elementor elementor-4746 elementor-3034\" data-elementor-post-type=\"page\">\n\t\t\t\t\t\t<section class=\"elementor-section elementor-top-section elementor-element elementor-element-0088e90 elementor-section-full_width elementor-section-height-default elementor-section-height-default\" data-id=\"0088e90\" data-element_type=\"section\" data-e-type=\"section\">\n\t\t\t\t\t\t<div class=\"elementor-container elementor-column-gap-no\">\n\t\t\t\t\t<div class=\"elementor-column elementor-col-100 elementor-top-column elementor-element elementor-element-340d72b\" data-id=\"340d72b\" data-element_type=\"column\" data-e-type=\"column\">\n\t\t\t<div class=\"elementor-widget-wrap elementor-element-populated\">\n\t\t\t\t\t\t<div class=\"elementor-element elementor-element-658062e elementor-widget elementor-widget-ideapark-page-header\" data-id=\"658062e\" data-element_type=\"widget\" data-e-type=\"widget\" data-widget_type=\"ideapark-page-header.default\">\n\t\t\t\t<div class=\"elementor-widget-container\">\n\t\t\t\t\t\t<header\n\t\tclass=\"l-section c-page-header c-page-header--header-type-1 c-page-header--default\n c-page-header--medium\"\n\t\t>\n\n\t\t\t\t\t<div class=\"c-page-header__wrap\">\n\t\t\t\t\t\t\t\t\t<h1 class=\"c-page-header__title\">\u00c0 propos de nous<\/h1>\n\t\t\t\t\t\t\t<\/div>\n\t\t\t\t<nav aria-label=\"breadcrumbs\" class=\"rank-math-breadcrumb c-breadcrumbs\"><div class=\"c-breadcrumbs__list\"><span class=\"last\">Home<\/span><\/div><\/nav>\t<\/header>\n\t\t\t\t<\/div>\n\t\t\t\t<\/div>\n\t\t\t\t\t<\/div>\n\t\t<\/div>\n\t\t\t\t\t<\/div>\n\t\t<\/section>\n\t\t\t\t<section class=\"elementor-section elementor-top-section elementor-element elementor-element-f7b080a elementor-section-full_width elementor-section-height-default elementor-section-height-default\" data-id=\"f7b080a\" data-element_type=\"section\" data-e-type=\"section\">\n\t\t\t\t\t\t<div class=\"elementor-container elementor-column-gap-no\">\n\t\t\t\t\t<div class=\"elementor-column elementor-col-100 elementor-top-column elementor-element elementor-element-484697d\" data-id=\"484697d\" data-element_type=\"column\" data-e-type=\"column\">\n\t\t\t<div class=\"elementor-widget-wrap elementor-element-populated\">\n\t\t\t\t\t\t<div class=\"elementor-element elementor-element-91fe4a5 elementor-widget elementor-widget-ideapark-heading\" data-id=\"91fe4a5\" data-element_type=\"widget\" data-e-type=\"widget\" data-widget_type=\"ideapark-heading.default\">\n\t\t\t\t<div class=\"elementor-widget-container\">\n\t\t\t\t\t<div class=\"c-ip-heading c-ip-heading--small c-ip-heading--center c-ip-heading--bullet-after\"><span class=\"c-ip-heading__inner\">notre <\/span><\/div>\t\t\t\t<\/div>\n\t\t\t\t<\/div>\n\t\t\t\t<div class=\"elementor-element elementor-element-4fbfb12 elementor-widget elementor-widget-ideapark-heading\" data-id=\"4fbfb12\" data-element_type=\"widget\" data-e-type=\"widget\" data-widget_type=\"ideapark-heading.default\">\n\t\t\t\t<div class=\"elementor-widget-container\">\n\t\t\t\t\t<div class=\"c-ip-heading c-ip-heading--medium c-ip-heading--center c-ip-heading--bullet-hide\"><span class=\"c-ip-heading__inner\">Mission<\/span><\/div>\t\t\t\t<\/div>\n\t\t\t\t<\/div>\n\t\t\t\t<section class=\"elementor-section elementor-inner-section elementor-element elementor-element-2943bc4 elementor-section-boxed elementor-section-height-default elementor-section-height-default\" data-id=\"2943bc4\" data-element_type=\"section\" data-e-type=\"section\">\n\t\t\t\t\t\t<div class=\"elementor-container elementor-column-gap-no\">\n\t\t\t\t\t<div class=\"elementor-column elementor-col-50 elementor-inner-column elementor-element elementor-element-9fbe0ef\" data-id=\"9fbe0ef\" data-element_type=\"column\" data-e-type=\"column\">\n\t\t\t<div class=\"elementor-widget-wrap elementor-element-populated\">\n\t\t\t\t\t\t<div class=\"elementor-element elementor-element-bc4e9cd elementor-widget elementor-widget-ideapark-heading\" data-id=\"bc4e9cd\" data-element_type=\"widget\" data-e-type=\"widget\" data-widget_type=\"ideapark-heading.default\">\n\t\t\t\t<div class=\"elementor-widget-container\">\n\t\t\t\t\t<div class=\"c-ip-heading c-ip-heading--default c-ip-heading--left c-ip-heading--bullet-hide\"><span class=\"c-ip-heading__inner\">Notre objectif est de vous faire vous sentir bien dans votre apparence. Au fil des ann\u00e9es, l'Acad\u00e9mie Divalook est devenue la r\u00e9f\u00e9rence \u00e0 Montr\u00e9al pour les extensions de cils, le microblading et les traitements de maquillage permanent, gr\u00e2ce aux nombreuses formations que <\/span><\/div>\t\t\t\t<\/div>\n\t\t\t\t<\/div>\n\t\t\t\t\t<\/div>\n\t\t<\/div>\n\t\t\t\t<div class=\"elementor-column elementor-col-50 elementor-inner-column elementor-element elementor-element-4f469bf\" data-id=\"4f469bf\" data-element_type=\"column\" data-e-type=\"column\">\n\t\t\t<div class=\"elementor-widget-wrap elementor-element-populated\">\n\t\t\t\t\t\t<div class=\"elementor-element elementor-element-8c1e177 elementor-widget elementor-widget-ideapark-heading\" data-id=\"8c1e177\" data-element_type=\"widget\" data-e-type=\"widget\" data-widget_type=\"ideapark-heading.default\">\n\t\t\t\t<div class=\"elementor-widget-container\">\n\t\t\t\t\t<div class=\"c-ip-heading c-ip-heading--default c-ip-heading--left c-ip-heading--bullet-hide\"><span class=\"c-ip-heading__inner\">Cristina Machedon a suivies partout dans le monde : en Europe, en Chine avec le cr\u00e9ateur et fondateur du microblading 3D-6D David Brow Art, au Canada. Cela a permis de d\u00e9velopper des cours que nous pouvons proposer \u00e0 d'autres personnes passionn\u00e9es.<\/span><\/div>\t\t\t\t<\/div>\n\t\t\t\t<\/div>\n\t\t\t\t\t<\/div>\n\t\t<\/div>\n\t\t\t\t\t<\/div>\n\t\t<\/section>\n\t\t\t\t\t<\/div>\n\t\t<\/div>\n\t\t\t\t\t<\/div>\n\t\t<\/section>\n\t\t\t\t<section class=\"elementor-section elementor-top-section elementor-element elementor-element-d5aa12f h-banner-1 elementor-section-boxed elementor-section-height-default elementor-section-height-default\" data-id=\"d5aa12f\" data-element_type=\"section\" data-e-type=\"section\" data-settings=\"{&quot;background_background&quot;:&quot;classic&quot;}\">\n\t\t\t\t\t\t<div class=\"elementor-container elementor-column-gap-no\">\n\t\t\t\t\t<div class=\"elementor-column elementor-col-50 elementor-top-column elementor-element elementor-element-b62dc98 h-banner-1__column-left\" data-id=\"b62dc98\" data-element_type=\"column\" data-e-type=\"column\" data-settings=\"{&quot;background_background&quot;:&quot;classic&quot;}\">\n\t\t\t<div class=\"elementor-widget-wrap elementor-element-populated\">\n\t\t\t\t\t\t<div class=\"elementor-element elementor-element-9661e9e elementor-widget elementor-widget-spacer\" data-id=\"9661e9e\" data-element_type=\"widget\" data-e-type=\"widget\" data-widget_type=\"spacer.default\">\n\t\t\t\t<div class=\"elementor-widget-container\">\n\t\t\t\t\t\t\t<div class=\"elementor-spacer\">\n\t\t\t<div class=\"elementor-spacer-inner\"><\/div>\n\t\t<\/div>\n\t\t\t\t\t\t<\/div>\n\t\t\t\t<\/div>\n\t\t\t\t\t<\/div>\n\t\t<\/div>\n\t\t\t\t<div class=\"elementor-column elementor-col-50 elementor-top-column elementor-element elementor-element-c6794bc\" data-id=\"c6794bc\" data-element_type=\"column\" data-e-type=\"column\" data-settings=\"{&quot;background_background&quot;:&quot;classic&quot;}\">\n\t\t\t<div class=\"elementor-widget-wrap elementor-element-populated\">\n\t\t\t\t\t\t<div class=\"elementor-element elementor-element-c2649d2 elementor-widget elementor-widget-ideapark-heading\" data-id=\"c2649d2\" data-element_type=\"widget\" data-e-type=\"widget\" data-widget_type=\"ideapark-heading.default\">\n\t\t\t\t<div class=\"elementor-widget-container\">\n\t\t\t\t\t<div class=\"c-ip-heading c-ip-heading--small c-ip-heading--center c-ip-heading--bullet-after\"><span class=\"c-ip-heading__inner\">Bonjour de la part de<\/span><\/div>\t\t\t\t<\/div>\n\t\t\t\t<\/div>\n\t\t\t\t<div class=\"elementor-element elementor-element-29ffde5 elementor-widget elementor-widget-ideapark-heading\" data-id=\"29ffde5\" data-element_type=\"widget\" data-e-type=\"widget\" data-widget_type=\"ideapark-heading.default\">\n\t\t\t\t<div class=\"elementor-widget-container\">\n\t\t\t\t\t<div class=\"c-ip-heading c-ip-heading--medium c-ip-heading--center c-ip-heading--bullet-hide\"><span class=\"c-ip-heading__inner\">Cristina Machedon<\/span><\/div>\t\t\t\t<\/div>\n\t\t\t\t<\/div>\n\t\t\t\t<div class=\"elementor-element elementor-element-90893ef elementor-widget elementor-widget-ideapark-heading\" data-id=\"90893ef\" data-element_type=\"widget\" data-e-type=\"widget\" data-widget_type=\"ideapark-heading.default\">\n\t\t\t\t<div class=\"elementor-widget-container\">\n\t\t\t\t\t<div class=\"c-ip-heading c-ip-heading--default c-ip-heading--justify c-ip-heading--bullet-hide\"><span class=\"c-ip-heading__inner\">L'instructrice principale, Cristina Machedon, a commenc\u00e9 son parcours dans l'industrie de la beaut\u00e9 \u00e0 l'\u00e2ge de 18 ans dans son pays natal, la Moldavie. Six ans plus tard, en 2013, elle a \u00e9migr\u00e9 au Canada et a d\u00e9cid\u00e9 de poursuivre sa passion pour la beaut\u00e9. Depuis lors, elle s'est forg\u00e9 une excellente r\u00e9putation et a form\u00e9 de nombreux artistes talentueux qui sont aujourd'hui propri\u00e9taires de leur propre entreprise florissante dans ce domaine.<\/span><\/div>\t\t\t\t<\/div>\n\t\t\t\t<\/div>\n\t\t\t\t\t<\/div>\n\t\t<\/div>\n\t\t\t\t\t<\/div>\n\t\t<\/section>\n\t\t\t\t<section class=\"elementor-section elementor-top-section elementor-element elementor-element-1c27af9 elementor-section-full_width elementor-section-height-default elementor-section-height-default\" data-id=\"1c27af9\" data-element_type=\"section\" data-e-type=\"section\">\n\t\t\t\t\t\t<div class=\"elementor-container elementor-column-gap-no\">\n\t\t\t\t\t<div class=\"elementor-column elementor-col-100 elementor-top-column elementor-element elementor-element-ce1d1e7\" data-id=\"ce1d1e7\" data-element_type=\"column\" data-e-type=\"column\">\n\t\t\t<div class=\"elementor-widget-wrap elementor-element-populated\">\n\t\t\t\t\t\t<div class=\"elementor-element elementor-element-88b248b elementor-widget elementor-widget-ideapark-heading\" data-id=\"88b248b\" data-element_type=\"widget\" data-e-type=\"widget\" data-widget_type=\"ideapark-heading.default\">\n\t\t\t\t<div class=\"elementor-widget-container\">\n\t\t\t\t\t<div class=\"c-ip-heading c-ip-heading--medium c-ip-heading--center c-ip-heading--bullet-hide\"><span class=\"c-ip-heading__inner\">COURS RECONNUS<\/span><\/div>\t\t\t\t<\/div>\n\t\t\t\t<\/div>\n\t\t\t\t<section class=\"elementor-section elementor-inner-section elementor-element elementor-element-cbed8b1 elementor-section-boxed elementor-section-height-default elementor-section-height-default\" data-id=\"cbed8b1\" data-element_type=\"section\" data-e-type=\"section\">\n\t\t\t\t\t\t<div class=\"elementor-container elementor-column-gap-wider\">\n\t\t\t\t\t<div class=\"elementor-column elementor-col-50 elementor-inner-column elementor-element elementor-element-d44eb12\" data-id=\"d44eb12\" data-element_type=\"column\" data-e-type=\"column\">\n\t\t\t<div class=\"elementor-widget-wrap elementor-element-populated\">\n\t\t\t\t\t\t<div class=\"elementor-element elementor-element-3e79fa4 elementor-widget elementor-widget-ideapark-heading\" data-id=\"3e79fa4\" data-element_type=\"widget\" data-e-type=\"widget\" data-widget_type=\"ideapark-heading.default\">\n\t\t\t\t<div class=\"elementor-widget-container\">\n\t\t\t\t\t<div class=\"c-ip-heading c-ip-heading--default c-ip-heading--justify c-ip-heading--bullet-hide\"><span class=\"c-ip-heading__inner\">L'acad\u00e9mie DIVALOOK est accr\u00e9dit\u00e9e et reconnue comme \u00e9tablissement d'enseignement par Revenu Qu\u00e9bec et Revenu Canada.<\/span><\/div>\t\t\t\t<\/div>\n\t\t\t\t<\/div>\n\t\t\t\t<div class=\"elementor-element elementor-element-079bc3d elementor-widget elementor-widget-ideapark-image-list-2\" data-id=\"079bc3d\" data-element_type=\"widget\" data-e-type=\"widget\" data-widget_type=\"ideapark-image-list-2.default\">\n\t\t\t\t<div class=\"elementor-widget-container\">\n\t\t\t\t\t\t\t<div\n\t\t\tclass=\"c-ip-image-list-2 c-ip-image-list-2--grid\">\n\t\t\t<div class=\"c-ip-image-list-2__wrap c-ip-image-list-2__wrap--grid\">\n\t\t\t\t<div\n\t\t\t\t\t\t\t\t\t\tclass=\"c-ip-image-list-2__list c-ip-image-list-2__list--grid \">\n\t\t\t\t\t\t\t\t\t\t\t<div\n\t\t\t\t\t\t\tclass=\"c-ip-image-list-2__item c-ip-image-list-2__item--grid elementor-repeater-item-513c133\">\n\t\t\t\t\t\t\t\t\t\t\t\t\t\t\t\t\t\t\t\t\t\t<div class=\"c-ip-image-list-2__thumb\">\n\t\t\t\t\t\t\t\t\t<img decoding=\"async\" class=\"c-ip-image-list-2__image\" width=\"150\" height=\"150\" src=\"https:\/\/divalookacademy.com\/wp-content\/uploads\/2023\/10\/Picture2.png\" srcset=\"https:\/\/divalookacademy.com\/wp-content\/uploads\/2023\/10\/Picture2.png 150w, https:\/\/divalookacademy.com\/wp-content\/uploads\/2023\/10\/Picture2-115x115.png 115w, https:\/\/divalookacademy.com\/wp-content\/uploads\/2023\/10\/Picture2-145x145.png 145w\" sizes=\"(max-width: 150px) 100vw, 150px\" alt=\"revenu quebec\"\/>\t\t\t\t\t\t\t\t<\/div>\n\t\t\t\t\t\t\t\t\t\t\t\t\t\t<\/div>\n\t\t\t\t\t\t\t\t\t\t\t<div\n\t\t\t\t\t\t\tclass=\"c-ip-image-list-2__item c-ip-image-list-2__item--grid elementor-repeater-item-ad19d73\">\n\t\t\t\t\t\t\t\t\t\t\t\t\t\t\t\t\t\t\t\t\t\t<div class=\"c-ip-image-list-2__thumb\">\n\t\t\t\t\t\t\t\t\t<img decoding=\"async\" class=\"c-ip-image-list-2__image\" width=\"150\" height=\"150\" src=\"https:\/\/divalookacademy.com\/wp-content\/uploads\/2023\/10\/Picture1.png\" srcset=\"https:\/\/divalookacademy.com\/wp-content\/uploads\/2023\/10\/Picture1.png 150w, https:\/\/divalookacademy.com\/wp-content\/uploads\/2023\/10\/Picture1-115x115.png 115w, https:\/\/divalookacademy.com\/wp-content\/uploads\/2023\/10\/Picture1-145x145.png 145w\" sizes=\"(max-width: 150px) 100vw, 150px\" alt=\"canrevagency\"\/>\t\t\t\t\t\t\t\t<\/div>\n\t\t\t\t\t\t\t\t\t\t\t\t\t\t<\/div>\n\t\t\t\t\t\t\t\t\t<\/div>\n\t\t\t<\/div>\n\t\t<\/div>\n\t\t\t\t\t\t<\/div>\n\t\t\t\t<\/div>\n\t\t\t\t\t<\/div>\n\t\t<\/div>\n\t\t\t\t<div class=\"elementor-column elementor-col-50 elementor-inner-column elementor-element elementor-element-abf5b52 elementor-hidden-desktop elementor-hidden-tablet elementor-hidden-mobile\" data-id=\"abf5b52\" data-element_type=\"column\" data-e-type=\"column\">\n\t\t\t<div class=\"elementor-widget-wrap elementor-element-populated\">\n\t\t\t\t\t\t<div class=\"elementor-element elementor-element-2b65830 elementor-widget elementor-widget-ideapark-heading\" data-id=\"2b65830\" data-element_type=\"widget\" data-e-type=\"widget\" data-widget_type=\"ideapark-heading.default\">\n\t\t\t\t<div class=\"elementor-widget-container\">\n\t\t\t\t\t<div class=\"c-ip-heading c-ip-heading--default c-ip-heading--justify c-ip-heading--bullet-hide\"><span class=\"c-ip-heading__inner\">Respecte les normes de formation de l'Association des professionnels en \u00e9lectrolyse et soins esth\u00e9tiques du Qu\u00e9bec.<\/span><\/div>\t\t\t\t<\/div>\n\t\t\t\t<\/div>\n\t\t\t\t<div class=\"elementor-element elementor-element-4f07af9 elementor-widget elementor-widget-ideapark-image-list-2\" data-id=\"4f07af9\" data-element_type=\"widget\" data-e-type=\"widget\" data-widget_type=\"ideapark-image-list-2.default\">\n\t\t\t\t<div class=\"elementor-widget-container\">\n\t\t\t\t\t\t\t<div\n\t\t\tclass=\"c-ip-image-list-2 c-ip-image-list-2--grid\">\n\t\t\t<div class=\"c-ip-image-list-2__wrap c-ip-image-list-2__wrap--grid\">\n\t\t\t\t<div\n\t\t\t\t\t\t\t\t\t\tclass=\"c-ip-image-list-2__list c-ip-image-list-2__list--grid \">\n\t\t\t\t\t\t\t\t\t\t\t<div\n\t\t\t\t\t\t\tclass=\"c-ip-image-list-2__item c-ip-image-list-2__item--grid elementor-repeater-item-513c133\">\n\t\t\t\t\t\t\t\t\t\t\t\t\t\t\t\t\t\t\t\t\t\t<div class=\"c-ip-image-list-2__thumb\">\n\t\t\t\t\t\t\t\t\t<img decoding=\"async\" class=\"c-ip-image-list-2__image\" width=\"300\" height=\"107\" src=\"https:\/\/divalookacademy.com\/wp-content\/uploads\/2023\/10\/Picture3.png\" alt=\"Association des professionnels en electrolyse et soins esthetiques du quebec\"\/>\t\t\t\t\t\t\t\t<\/div>\n\t\t\t\t\t\t\t\t\t\t\t\t\t\t<\/div>\n\t\t\t\t\t\t\t\t\t<\/div>\n\t\t\t<\/div>\n\t\t<\/div>\n\t\t\t\t\t\t<\/div>\n\t\t\t\t<\/div>\n\t\t\t\t\t<\/div>\n\t\t<\/div>\n\t\t\t\t\t<\/div>\n\t\t<\/section>\n\t\t\t\t\t<\/div>\n\t\t<\/div>\n\t\t\t\t\t<\/div>\n\t\t<\/section>\n\t\t\t\t<section class=\"elementor-section elementor-top-section elementor-element elementor-element-542f32c elementor-section-full_width elementor-section-height-default elementor-section-height-default\" data-id=\"542f32c\" data-element_type=\"section\" data-e-type=\"section\" data-settings=\"{&quot;background_background&quot;:&quot;classic&quot;}\">\n\t\t\t\t\t\t<div class=\"elementor-container elementor-column-gap-no\">\n\t\t\t\t\t<div class=\"elementor-column elementor-col-100 elementor-top-column elementor-element elementor-element-de2cdd8\" data-id=\"de2cdd8\" data-element_type=\"column\" data-e-type=\"column\">\n\t\t\t<div class=\"elementor-widget-wrap elementor-element-populated\">\n\t\t\t\t\t\t<div class=\"elementor-element elementor-element-5254ab8 elementor-absolute elementor-widget__width-auto elementor-widget elementor-widget-image\" data-id=\"5254ab8\" data-element_type=\"widget\" data-e-type=\"widget\" data-settings=\"{&quot;_position&quot;:&quot;absolute&quot;}\" data-widget_type=\"image.default\">\n\t\t\t\t<div class=\"elementor-widget-container\">\n\t\t\t\t\t\t\t\t\t\t\t\t\t\t\t<img decoding=\"async\" src=\"https:\/\/divalookacademy.com\/wp-content\/uploads\/2020\/10\/luchiana-2242231634.png\" title=\"\" alt=\"\" loading=\"lazy\" \/>\t\t\t\t\t\t\t\t\t\t\t\t\t\t\t<\/div>\n\t\t\t\t<\/div>\n\t\t\t\t<div class=\"elementor-element elementor-element-f2808b7 elementor-widget__width-initial elementor-absolute elementor-widget elementor-widget-image\" data-id=\"f2808b7\" data-element_type=\"widget\" data-e-type=\"widget\" data-settings=\"{&quot;_position&quot;:&quot;absolute&quot;}\" data-widget_type=\"image.default\">\n\t\t\t\t<div class=\"elementor-widget-container\">\n\t\t\t\t\t\t\t\t\t\t\t\t\t\t\t<img decoding=\"async\" src=\"https:\/\/divalookacademy.com\/wp-content\/uploads\/2020\/10\/luchiana-2359558945.png\" title=\"\" alt=\"\" loading=\"lazy\" \/>\t\t\t\t\t\t\t\t\t\t\t\t\t\t\t<\/div>\n\t\t\t\t<\/div>\n\t\t\t\t\t<\/div>\n\t\t<\/div>\n\t\t\t\t\t<\/div>\n\t\t<\/section>\n\t\t\t\t<\/div>\n\t\t","protected":false},"excerpt":{"rendered":"<p>\u00c0 propos de nous Home notre Mission Notre objectif est de vous faire vous sentir bien dans votre apparence. Au fil des&hellip;<\/p>\n","protected":false},"author":1,"featured_media":4881,"parent":0,"menu_order":0,"comment_status":"closed","ping_status":"closed","template":"elementor_header_footer","meta":{"_themeisle_gutenberg_block_has_review":false,"footnotes":""},"class_list":["post-4746","page","type-page","status-publish","has-post-thumbnail","hentry"],"_links":{"self":[{"href":"https:\/\/divalookacademy.com\/fr\/wp-json\/wp\/v2\/pages\/4746","targetHints":{"allow":["GET"]}}],"collection":[{"href":"https:\/\/divalookacademy.com\/fr\/wp-json\/wp\/v2\/pages"}],"about":[{"href":"https:\/\/divalookacademy.com\/fr\/wp-json\/wp\/v2\/types\/page"}],"author":[{"embeddable":true,"href":"https:\/\/divalookacademy.com\/fr\/wp-json\/wp\/v2\/users\/1"}],"replies":[{"embeddable":true,"href":"https:\/\/divalookacademy.com\/fr\/wp-json\/wp\/v2\/comments?post=4746"}],"version-history":[{"count":3,"href":"https:\/\/divalookacademy.com\/fr\/wp-json\/wp\/v2\/pages\/4746\/revisions"}],"predecessor-version":[{"id":9216,"href":"https:\/\/divalookacademy.com\/fr\/wp-json\/wp\/v2\/pages\/4746\/revisions\/9216"}],"wp:featuredmedia":[{"embeddable":true,"href":"https:\/\/divalookacademy.com\/fr\/wp-json\/wp\/v2\/media\/4881"}],"wp:attachment":[{"href":"https:\/\/divalookacademy.com\/fr\/wp-json\/wp\/v2\/media?parent=4746"}],"curies":[{"name":"wp","href":"https:\/\/api.w.org\/{rel}","templated":true}]}}