{"id":4781,"date":"2020-10-21T08:35:42","date_gmt":"2020-10-21T08:35:42","guid":{"rendered":"https:\/\/divalookacademy.com\/faq\/"},"modified":"2023-05-04T13:50:38","modified_gmt":"2023-05-04T13:50:38","slug":"faq","status":"publish","type":"page","link":"https:\/\/divalookacademy.com\/fr\/faq\/","title":{"rendered":"FAQ"},"content":{"rendered":"\t\t<div data-elementor-type=\"wp-page\" data-elementor-id=\"4781\" class=\"elementor elementor-4781 elementor-179\" data-elementor-post-type=\"page\">\n\t\t\t\t\t\t<section class=\"elementor-section elementor-top-section elementor-element elementor-element-51cc69c elementor-section-full_width elementor-section-height-default elementor-section-height-default\" data-id=\"51cc69c\" data-element_type=\"section\" data-e-type=\"section\">\n\t\t\t\t\t\t<div class=\"elementor-container elementor-column-gap-no\">\n\t\t\t\t\t<div class=\"elementor-column elementor-col-100 elementor-top-column elementor-element elementor-element-d3159a6\" data-id=\"d3159a6\" data-element_type=\"column\" data-e-type=\"column\">\n\t\t\t<div class=\"elementor-widget-wrap elementor-element-populated\">\n\t\t\t\t\t\t<div class=\"elementor-element elementor-element-d04350a elementor-widget elementor-widget-ideapark-page-header\" data-id=\"d04350a\" data-element_type=\"widget\" data-e-type=\"widget\" data-widget_type=\"ideapark-page-header.default\">\n\t\t\t\t<div class=\"elementor-widget-container\">\n\t\t\t\t\t\t<header\n\t\tclass=\"l-section c-page-header c-page-header--header-type-1 c-page-header--default\n c-page-header--medium\"\n\t\t>\n\n\t\t\t\t\t<div class=\"c-page-header__wrap\">\n\t\t\t\t\t\t\t\t\t<h1 class=\"c-page-header__title\">FAQ<\/h1>\n\t\t\t\t\t\t\t<\/div>\n\t\t\t\t<nav aria-label=\"breadcrumbs\" class=\"rank-math-breadcrumb c-breadcrumbs\"><div class=\"c-breadcrumbs__list\"><span class=\"last\">Home<\/span><\/div><\/nav>\t<\/header>\n\t\t\t\t<\/div>\n\t\t\t\t<\/div>\n\t\t\t\t\t<\/div>\n\t\t<\/div>\n\t\t\t\t\t<\/div>\n\t\t<\/section>\n\t\t\t\t<section class=\"elementor-section elementor-top-section elementor-element elementor-element-1617f7b elementor-section-boxed elementor-section-height-default elementor-section-height-default\" data-id=\"1617f7b\" data-element_type=\"section\" data-e-type=\"section\">\n\t\t\t\t\t\t<div class=\"elementor-container elementor-column-gap-no\">\n\t\t\t\t\t<div class=\"elementor-column elementor-col-100 elementor-top-column elementor-element elementor-element-bc288d3\" data-id=\"bc288d3\" data-element_type=\"column\" data-e-type=\"column\">\n\t\t\t<div class=\"elementor-widget-wrap elementor-element-populated\">\n\t\t\t\t\t\t<div class=\"elementor-element elementor-element-450377d elementor-widget elementor-widget-ideapark-accordion\" data-id=\"450377d\" data-element_type=\"widget\" data-e-type=\"widget\" data-widget_type=\"ideapark-accordion.default\">\n\t\t\t\t<div class=\"elementor-widget-container\">\n\t\t\t\t\t\t\t<div class=\"c-ip-accordion\">\n\t\t\t<div class=\"c-ip-accordion__wrap c-ip-accordion__wrap--layout-2\">\n\t\t\t\t<div class=\"c-ip-accordion__list c-ip-accordion__list--layout-2\">\n\t\t\t\t\t\t\t\t\t\t<div class=\"c-ip-accordion__item c-ip-accordion__item--layout-2\">\n\t\t\t\t\t\t<a class=\"c-ip-accordion__header c-ip-accordion__header--layout-2 js-accordion-title\" href=\"\" onclick=\"return false;\">Comment puis-je prendre rendez-vous ou r\u00e9server une place dans un cours?<i class=\"ip-right c-ip-accordion__arrow c-ip-accordion__arrow--layout-2\"><\/i><\/a>\t\t\t\t\t\t<div class=\"c-ip-accordion__content c-ip-accordion__content--layout-2\"><p>Pour prendre rendez-vous pour nos services de beaut\u00e9, veuillez remplir notre formulaire de rendez-vous sur notre site web. Pour r\u00e9server une place dans l'un de nos cours, remplissez le formulaire de r\u00e9servation de cours. Nous vous contacterons sous peu pour confirmer votre rendez-vous ou votre r\u00e9servation de cours.<\/p><\/div>\t\t\t\t\t<\/div>\n\t\t\t\t\t\t\t\t\t\t\t\t\t\t\t<div class=\"c-ip-accordion__item c-ip-accordion__item--layout-2\">\n\t\t\t\t\t\t<a class=\"c-ip-accordion__header c-ip-accordion__header--layout-2 js-accordion-title\" href=\"\" onclick=\"return false;\">Comment savoir quel cours ou service me convient le mieux?<i class=\"ip-right c-ip-accordion__arrow c-ip-accordion__arrow--layout-2\"><\/i><\/a>\t\t\t\t\t\t<div class=\"c-ip-accordion__content c-ip-accordion__content--layout-2\"><p>Si vous n'\u00eates pas s\u00fbr(e) de savoir quel cours ou service correspond le mieux \u00e0 vos besoins, n'h\u00e9sitez pas \u00e0 nous contacter. Notre personnel exp\u00e9riment\u00e9 peut vous fournir des conseils personnalis\u00e9s et des recommandations en fonction de vos pr\u00e9f\u00e9rences et de vos objectifs.<\/p><\/div>\t\t\t\t\t<\/div>\n\t\t\t\t\t\t\t\t\t\t\t\t\t\t\t<div class=\"c-ip-accordion__item c-ip-accordion__item--layout-2\">\n\t\t\t\t\t\t<a class=\"c-ip-accordion__header c-ip-accordion__header--layout-2 js-accordion-title\" href=\"\" onclick=\"return false;\">Vos cours de formation conviennent-ils aux d\u00e9butants ?<i class=\"ip-right c-ip-accordion__arrow c-ip-accordion__arrow--layout-2\"><\/i><\/a>\t\t\t\t\t\t<div class=\"c-ip-accordion__content c-ip-accordion__content--layout-2\"><p>Oui, nos cours sont con\u00e7us pour accueillir diff\u00e9rents niveaux de comp\u00e9tence, des d\u00e9butants aux professionnels exp\u00e9riment\u00e9s. Nous offrons une formation compl\u00e8te et une pratique pratique pour vous assurer que vous vous sentez en confiance avec vos nouvelles comp\u00e9tences.<\/p><\/div>\t\t\t\t\t<\/div>\n\t\t\t\t\t\t\t\t\t\t\t\t\t\t\t<div class=\"c-ip-accordion__item c-ip-accordion__item--layout-2\">\n\t\t\t\t\t\t<a class=\"c-ip-accordion__header c-ip-accordion__header--layout-2 js-accordion-title\" href=\"\" onclick=\"return false;\">Ai-je besoin d&#039;une exp\u00e9rience ou de certifications pr\u00e9alables pour m&#039;inscrire \u00e0 vos cours?<i class=\"ip-right c-ip-accordion__arrow c-ip-accordion__arrow--layout-2\"><\/i><\/a>\t\t\t\t\t\t<div class=\"c-ip-accordion__content c-ip-accordion__content--layout-2\"><p>Aucune exp\u00e9rience ou certification pr\u00e9alable n'est n\u00e9cessaire pour la plupart de nos cours. Cependant, nous vous recommandons de consulter la description du cours et les pr\u00e9requis sur notre site web pour vous assurer que vous \u00eates pr\u00eat pour la formation.<\/p><\/div>\t\t\t\t\t<\/div>\n\t\t\t\t\t\t\t\t\t\t\t\t\t\t\t<div class=\"c-ip-accordion__item c-ip-accordion__item--layout-2\">\n\t\t\t\t\t\t<a class=\"c-ip-accordion__header c-ip-accordion__header--layout-2 js-accordion-title\" href=\"\" onclick=\"return false;\">\u00c0 quoi puis-je m&#039;attendre apr\u00e8s avoir termin\u00e9 un cours \u00e0 DIVALOOK ACADEMY Inc.?<i class=\"ip-right c-ip-accordion__arrow c-ip-accordion__arrow--layout-2\"><\/i><\/a>\t\t\t\t\t\t<div class=\"c-ip-accordion__content c-ip-accordion__content--layout-2\"><p>Apr\u00e8s avoir termin\u00e9 un cours, vous recevrez un certificat de fin d'\u00e9tudes, qui d\u00e9montre votre comp\u00e9tence dans la mati\u00e8re enseign\u00e9e. Vous aurez \u00e9galement acquis de nouvelles comp\u00e9tences et techniques pour am\u00e9liorer vos services professionnels ou commencer une nouvelle carri\u00e8re dans l'industrie de la beaut\u00e9.<\/p><\/div>\t\t\t\t\t<\/div>\n\t\t\t\t\t\t\t\t\t\t\t\t\t\t\t<div class=\"c-ip-accordion__item c-ip-accordion__item--layout-2\">\n\t\t\t\t\t\t<a class=\"c-ip-accordion__header c-ip-accordion__header--layout-2 js-accordion-title\" href=\"\" onclick=\"return false;\">Comment me pr\u00e9parer pour mon rendez-vous d&#039;extensions de cils?<i class=\"ip-right c-ip-accordion__arrow c-ip-accordion__arrow--layout-2\"><\/i><\/a>\t\t\t\t\t\t<div class=\"c-ip-accordion__content c-ip-accordion__content--layout-2\"><p>Veuillez arriver \u00e0 votre rendez-vous les yeux propres et sans maquillage. \u00c9vitez d'utiliser des produits \u00e0 base d'huile autour de vos yeux pendant au moins 24 heures avant votre rendez-vous, car cela peut affecter la liaison adh\u00e9sive. Si vous portez des lentilles de contact, veuillez apporter un \u00e9tui et une solution pour les stocker pendant le rendez-vous.<\/p><\/div>\t\t\t\t\t<\/div>\n\t\t\t\t\t\t\t\t\t\t\t\t\t\t\t<div class=\"c-ip-accordion__item c-ip-accordion__item--layout-2\">\n\t\t\t\t\t\t<a class=\"c-ip-accordion__header c-ip-accordion__header--layout-2 js-accordion-title\" href=\"\" onclick=\"return false;\">Combien de temps durent les extensions de cils?<i class=\"ip-right c-ip-accordion__arrow c-ip-accordion__arrow--layout-2\"><\/i><\/a>\t\t\t\t\t\t<div class=\"c-ip-accordion__content c-ip-accordion__content--layout-2\"><p>Les extensions de cils peuvent durer jusqu'\u00e0 4 \u00e0 6 semaines avec les soins appropri\u00e9s. Cependant, nous recommandons de planifier des rendez-vous de retouche toutes les 2 \u00e0 3 semaines pour maintenir leur pl\u00e9nitude et leur apparence.<\/p><\/div>\t\t\t\t\t<\/div>\n\t\t\t\t\t\t\t\t\t<\/div>\n\t\t\t\t<div class=\"c-ip-accordion__list c-ip-accordion__list--layout-2\">\n\t\t\t\t\t\t\t\t\t\t\t\t\t\t\t<div class=\"c-ip-accordion__item c-ip-accordion__item--layout-2\">\n\t\t\t\t\t\t<a class=\"c-ip-accordion__header c-ip-accordion__header--layout-2 js-accordion-title\" href=\"\" onclick=\"return false;\">Puis-je porter du maquillage avec des extensions de cils?<i class=\"ip-right c-ip-accordion__arrow c-ip-accordion__arrow--layout-2\"><\/i><\/a>\t\t\t\t\t\t<div class=\"c-ip-accordion__content c-ip-accordion__content--layout-2\"><p>Oui, vous pouvez porter du maquillage avec des extensions de cils. Cependant, \u00e9vitez d'utiliser des produits et des d\u00e9maquillants \u00e0 base d'huile, car ils peuvent affaiblir la liaison adh\u00e9sive. Utilisez un d\u00e9maquillant doux \u00e0 base d'eau pour nettoyer vos yeux sans endommager les extensions.<\/p><\/div>\t\t\t\t\t<\/div>\n\t\t\t\t\t\t\t\t\t\t\t\t\t\t\t<div class=\"c-ip-accordion__item c-ip-accordion__item--layout-2\">\n\t\t\t\t\t\t<a class=\"c-ip-accordion__header c-ip-accordion__header--layout-2 js-accordion-title\" href=\"\" onclick=\"return false;\">Quelle est la diff\u00e9rence entre le microblading et le maquillage permanent?<i class=\"ip-right c-ip-accordion__arrow c-ip-accordion__arrow--layout-2\"><\/i><\/a>\t\t\t\t\t\t<div class=\"c-ip-accordion__content c-ip-accordion__content--layout-2\"><p>Le microblading est une technique de maquillage semi-permanent qui utilise un outil \u00e0 main avec des aiguilles fines pour cr\u00e9er des traits de cheveux naturels dans la zone des sourcils. Le maquillage permanent, \u00e9galement connu sous le nom de micropigmentation, implique l'utilisation d'une machine pour implanter des pigments dans la peau, cr\u00e9ant des effets de maquillage plus durables sur diff\u00e9rentes zones du visage, telles que les sourcils, l'eye-liner et la couleur des l\u00e8vres.<\/p><\/div>\t\t\t\t\t<\/div>\n\t\t\t\t\t\t\t\t\t\t\t\t\t\t\t<div class=\"c-ip-accordion__item c-ip-accordion__item--layout-2\">\n\t\t\t\t\t\t<a class=\"c-ip-accordion__header c-ip-accordion__header--layout-2 js-accordion-title\" href=\"\" onclick=\"return false;\">Qu&#039;est-ce que la lamination des sourcils et combien de temps cela dure-t-il?<i class=\"ip-right c-ip-accordion__arrow c-ip-accordion__arrow--layout-2\"><\/i><\/a>\t\t\t\t\t\t<div class=\"c-ip-accordion__content c-ip-accordion__content--layout-2\"><p>La lamination des sourcils est un traitement non invasif qui aide \u00e0 cr\u00e9er des sourcils plus complets et plus d\u00e9finis en repositionnant et en fixant les poils des sourcils dans une forme souhait\u00e9e. Les r\u00e9sultats peuvent durer jusqu'\u00e0 6 \u00e0 8 semaines, en fonction de votre cycle naturel de croissance des sourcils et des soins appropri\u00e9s apr\u00e8s le traitement.<\/p><\/div>\t\t\t\t\t<\/div>\n\t\t\t\t\t\t\t\t\t\t\t\t\t\t\t<div class=\"c-ip-accordion__item c-ip-accordion__item--layout-2\">\n\t\t\t\t\t\t<a class=\"c-ip-accordion__header c-ip-accordion__header--layout-2 js-accordion-title\" href=\"\" onclick=\"return false;\">Comment prendre soin de la zone trait\u00e9e apr\u00e8s un service?<i class=\"ip-right c-ip-accordion__arrow c-ip-accordion__arrow--layout-2\"><\/i><\/a>\t\t\t\t\t\t<div class=\"c-ip-accordion__content c-ip-accordion__content--layout-2\"><p>Apr\u00e8s avoir re\u00e7u un service de beaut\u00e9, il est essentiel de suivre les instructions de soins post-traitement fournies par votre technicien(ne). Cela peut inclure l'\u00e9vitement d'eau, de chaleur et de la lumi\u00e8re directe du soleil, ainsi que l'utilisation de produits sp\u00e9cifiques pour nettoyer et hydrater la zone trait\u00e9e. Des soins appropri\u00e9s apr\u00e8s le traitement aident \u00e0 assurer des r\u00e9sultats durables et \u00e0 minimiser les \u00e9ventuelles complications.<\/p><\/div>\t\t\t\t\t<\/div>\n\t\t\t\t\t\t\t\t\t\t\t\t\t\t\t<div class=\"c-ip-accordion__item c-ip-accordion__item--layout-2\">\n\t\t\t\t\t\t<a class=\"c-ip-accordion__header c-ip-accordion__header--layout-2 js-accordion-title\" href=\"\" onclick=\"return false;\">Puis-je nager ou faire de l&#039;exercice avec des extensions de cils?<i class=\"ip-right c-ip-accordion__arrow c-ip-accordion__arrow--layout-2\"><\/i><\/a>\t\t\t\t\t\t<div class=\"c-ip-accordion__content c-ip-accordion__content--layout-2\"><p>Oui, vous pouvez nager et faire de l'exercice avec des extensions de cils. Cependant, il est essentiel d'attendre au moins 24 \u00e0 48 heures apr\u00e8s votre rendez-vous pour permettre \u00e0 l'adh\u00e9sif de durcir compl\u00e8tement. Apr\u00e8s cette p\u00e9riode, \u00e9vitez de frotter vos yeux et utilisez un nettoyant doux sans huile pour nettoyer la zone des yeux.<\/p><\/div>\t\t\t\t\t<\/div>\n\t\t\t\t\t\t\t\t\t\t\t\t\t\t\t<div class=\"c-ip-accordion__item c-ip-accordion__item--layout-2\">\n\t\t\t\t\t\t<a class=\"c-ip-accordion__header c-ip-accordion__header--layout-2 js-accordion-title\" href=\"\" onclick=\"return false;\">Y a-t-il des effets secondaires ou des risques associ\u00e9s au microblading ou au maquillage permanent?<i class=\"ip-right c-ip-accordion__arrow c-ip-accordion__arrow--layout-2\"><\/i><\/a>\t\t\t\t\t\t<div class=\"c-ip-accordion__content c-ip-accordion__content--layout-2\"><p>Le microblading et le maquillage permanent sont g\u00e9n\u00e9ralement consid\u00e9r\u00e9s comme des proc\u00e9dures s\u00fbres. Cependant, comme pour tout traitement esth\u00e9tique, il existe un risque d'infection ou de r\u00e9action allergique. Pour minimiser ces risques, assurez-vous de choisir un professionnel de confiance et titulaire d'une licence, et suivez les instructions de soins post-traitement fournies.<\/p><\/div>\t\t\t\t\t<\/div>\n\t\t\t\t\t\t\t\t\t\t\t\t\t\t\t<div class=\"c-ip-accordion__item c-ip-accordion__item--layout-2\">\n\t\t\t\t\t\t<a class=\"c-ip-accordion__header c-ip-accordion__header--layout-2 js-accordion-title\" href=\"\" onclick=\"return false;\">Quelle est votre politique d&#039;annulation pour les services?<i class=\"ip-right c-ip-accordion__arrow c-ip-accordion__arrow--layout-2\"><\/i><\/a>\t\t\t\t\t\t<div class=\"c-ip-accordion__content c-ip-accordion__content--layout-2\"><p>Nous comprenons que des circonstances impr\u00e9vues peuvent survenir, vous obligeant \u00e0 reporter ou annuler votre rendez-vous. Veuillez nous fournir un pr\u00e9avis d'au moins 24 heures si vous devez annuler ou reporter votre rendez-vous. Cela nous permet d'accueillir d'autres clients et de maintenir notre emploi du temps de mani\u00e8re efficace.<\/p><\/div>\t\t\t\t\t<\/div>\n\t\t\t\t\t\t\t\t\t\t\t\t\t\t<\/div>\n\t\t\t<\/div>\n\t\t<\/div>\n\t\t\t\t\t\t<\/div>\n\t\t\t\t<\/div>\n\t\t\t\t\t<\/div>\n\t\t<\/div>\n\t\t\t\t\t<\/div>\n\t\t<\/section>\n\t\t\t\t<\/div>\n\t\t","protected":false},"excerpt":{"rendered":"<p>FAQ Comment puis-je prendre rendez-vous ou r\u00e9server une place dans un cours? Pour prendre rendez-vous pour nos services de beaut\u00e9, veuillez remplir&hellip;<\/p>\n","protected":false},"author":1,"featured_media":0,"parent":0,"menu_order":0,"comment_status":"closed","ping_status":"closed","template":"elementor_header_footer","meta":{"_themeisle_gutenberg_block_has_review":false,"footnotes":""},"class_list":["post-4781","page","type-page","status-publish","hentry"],"_links":{"self":[{"href":"https:\/\/divalookacademy.com\/fr\/wp-json\/wp\/v2\/pages\/4781","targetHints":{"allow":["GET"]}}],"collection":[{"href":"https:\/\/divalookacademy.com\/fr\/wp-json\/wp\/v2\/pages"}],"about":[{"href":"https:\/\/divalookacademy.com\/fr\/wp-json\/wp\/v2\/types\/page"}],"author":[{"embeddable":true,"href":"https:\/\/divalookacademy.com\/fr\/wp-json\/wp\/v2\/users\/1"}],"replies":[{"embeddable":true,"href":"https:\/\/divalookacademy.com\/fr\/wp-json\/wp\/v2\/comments?post=4781"}],"version-history":[{"count":0,"href":"https:\/\/divalookacademy.com\/fr\/wp-json\/wp\/v2\/pages\/4781\/revisions"}],"wp:attachment":[{"href":"https:\/\/divalookacademy.com\/fr\/wp-json\/wp\/v2\/media?parent=4781"}],"curies":[{"name":"wp","href":"https:\/\/api.w.org\/{rel}","templated":true}]}}