{"id":4819,"date":"2023-04-14T11:20:31","date_gmt":"2023-04-14T11:20:31","guid":{"rendered":"https:\/\/divalookacademy.com\/refund_returns\/"},"modified":"2023-05-05T20:41:32","modified_gmt":"2023-05-05T20:41:32","slug":"remboursement","status":"publish","type":"page","link":"https:\/\/divalookacademy.com\/fr\/remboursement\/","title":{"rendered":"Remboursement"},"content":{"rendered":"\r\n<p>Chez DIVALOOK ACADEMY Inc., nous nous engageons \u00e0 offrir des services, des cours et des produits de haute qualit\u00e9 \u00e0 nos clients. Nous comprenons que des circonstances impr\u00e9vues peuvent survenir, n\u00e9cessitant l&rsquo;annulation ou le report d&rsquo;un rendez-vous ou d&rsquo;un cours. Veuillez consulter notre politique de remboursement ci-dessous pour comprendre nos directives et proc\u00e9dures.<\/p>\r\n<h6>Services<\/h6>\r\n<p>En raison de la nature de nos services de beaut\u00e9, nous n&rsquo;offrons pas de remboursement une fois le service termin\u00e9. Cependant, si vous n&rsquo;\u00eates pas satisfait du r\u00e9sultat, veuillez nous contacter dans les 48 heures suivant votre rendez-vous. Nous ferons de notre mieux pour r\u00e9pondre \u00e0 vos pr\u00e9occupations et fournir une solution, telle qu&rsquo;une retouche ou un ajustement, \u00e0 notre discr\u00e9tion.<\/p>\r\n<h6>COURS<\/h6>\r\n<p>Si vous devez annuler votre inscription \u00e0 un cours, veuillez nous en informer au moins 14 jours avant la date de d\u00e9but du cours pour recevoir un remboursement complet, moins des frais d&rsquo;administration de 5%. Les annulations effectu\u00e9es moins de 14 jours avant la date de d\u00e9but du cours sont admissibles \u00e0 un remboursement de 50%. Aucun remboursement ne sera \u00e9mis pour les annulations effectu\u00e9es dans les 48 heures pr\u00e9c\u00e9dant la date de d\u00e9but du cours. Vous pouvez \u00e9galement transf\u00e9rer votre inscription \u00e0 une date de cours future, sous r\u00e9serve de disponibilit\u00e9.<\/p>\r\n<h6>PRODUITS<\/h6>\r\n<p>Si vous souhaitez retourner un produit achet\u00e9 dans notre boutique en ligne, veuillez nous contacter dans les 14 jours suivant la r\u00e9ception de l&rsquo;article. Le produit doit \u00eatre inutilis\u00e9, non ouvert et dans son emballage d&rsquo;origine pour \u00eatre admissible \u00e0 un remboursement. Veuillez noter que le client est responsable des frais de retour et qu&rsquo;une frais de restockage de 5% sera d\u00e9duit du montant du remboursement.<\/p>\r\n<p>En cas de produits d\u00e9fectueux ou endommag\u00e9s, veuillez nous contacter dans les 48 heures suivant la r\u00e9ception de l&rsquo;article, en fournissant une preuve photographique du probl\u00e8me. Nous examinerons la situation et, si n\u00e9cessaire, organiserons un remplacement ou un remboursement \u00e0 notre discr\u00e9tion.<\/p>\r\n<p>Les remboursements seront effectu\u00e9s en utilisant le mode de paiement d&rsquo;origine et les d\u00e9lais de traitement peuvent varier selon votre banque ou votre fournisseur de paiement.<\/p>\r\n<p>&nbsp;<\/p>\r\n<p>Si vous avez des questions ou des pr\u00e9occupations concernant notre politique de remboursement, n&rsquo;h\u00e9sitez pas \u00e0 nous contacter :<\/p>\r\n<p>DIVALOOK ACADEMY Inc. Montr\u00e9al, Qu\u00e9bec, H4A 3C9 4260, AV. Girouard, Porte 230<\/p>\r\n<p>T\u00e9l\u00e9phone: +1 (514) 462-4839<\/p>\r\n<p>Email: <a href=\"mailto:contact@divalookacademy.com\" target=\"_new\" rel=\"noopener\">contact@divalookacademy.com<\/a><\/p>\r\n","protected":false},"excerpt":{"rendered":"<p>Chez DIVALOOK ACADEMY Inc., nous nous engageons \u00e0 offrir des services, des cours et des produits de haute qualit\u00e9 \u00e0 nos clients.&hellip;<\/p>\n","protected":false},"author":1,"featured_media":0,"parent":0,"menu_order":0,"comment_status":"closed","ping_status":"closed","template":"","meta":{"_themeisle_gutenberg_block_has_review":false,"footnotes":""},"class_list":["post-4819","page","type-page","status-publish","hentry"],"_links":{"self":[{"href":"https:\/\/divalookacademy.com\/fr\/wp-json\/wp\/v2\/pages\/4819","targetHints":{"allow":["GET"]}}],"collection":[{"href":"https:\/\/divalookacademy.com\/fr\/wp-json\/wp\/v2\/pages"}],"about":[{"href":"https:\/\/divalookacademy.com\/fr\/wp-json\/wp\/v2\/types\/page"}],"author":[{"embeddable":true,"href":"https:\/\/divalookacademy.com\/fr\/wp-json\/wp\/v2\/users\/1"}],"replies":[{"embeddable":true,"href":"https:\/\/divalookacademy.com\/fr\/wp-json\/wp\/v2\/comments?post=4819"}],"version-history":[{"count":0,"href":"https:\/\/divalookacademy.com\/fr\/wp-json\/wp\/v2\/pages\/4819\/revisions"}],"wp:attachment":[{"href":"https:\/\/divalookacademy.com\/fr\/wp-json\/wp\/v2\/media?parent=4819"}],"curies":[{"name":"wp","href":"https:\/\/api.w.org\/{rel}","templated":true}]}}