{"id":4820,"date":"2023-04-27T21:58:50","date_gmt":"2023-04-27T21:58:50","guid":{"rendered":"https:\/\/divalookacademy.com\/shipping-policy\/"},"modified":"2023-05-09T20:55:28","modified_gmt":"2023-05-09T20:55:28","slug":"livraison","status":"publish","type":"page","link":"https:\/\/divalookacademy.com\/fr\/livraison\/","title":{"rendered":"Livraison"},"content":{"rendered":"\r\n<p>Chez DIVALOOK ACADEMY Inc., nous nous effor\u00e7ons de livrer vos commandes le plus rapidement et efficacement possible. Veuillez consulter notre politique d&rsquo;exp\u00e9dition ci-dessous pour comprendre nos directives et nos proc\u00e9dures en mati\u00e8re de traitement des commandes, d&rsquo;exp\u00e9dition et de livraison.<\/p>\r\n<h6>TRAITMENT DES COMMANDES<\/h6>\r\n<p>Les commandes pass\u00e9es via notre boutique en ligne seront trait\u00e9es dans un d\u00e9lai de 1 \u00e0 2 jours ouvrables. Veuillez noter que les d\u00e9lais de traitement des commandes peuvent \u00eatre plus longs pendant les p\u00e9riodes de pointe ou les p\u00e9riodes promotionnelles. Nous vous informerons par e-mail s&rsquo;il y a des retards impr\u00e9vus dans le traitement de votre commande.<\/p>\r\n<h6>OPTIONS D&rsquo;EXP\u00c9DITION<\/h6>\r\n<p>Pour les clients situ\u00e9s \u00e0 Montr\u00e9al, la livraison est gratuite. Si vous \u00eates situ\u00e9 au Canada, la livraison co\u00fbte 19,99 $. Pour les clients situ\u00e9s aux \u00c9tats-Unis, la livraison co\u00fbte 29,99 $.<\/p>\r\n<h6>D\u00c9LAIS DE LIVRAISON<\/h6>\r\n<p>Les d\u00e9lais de livraison estim\u00e9s varient en fonction de la m\u00e9thode d&rsquo;exp\u00e9dition que vous choisissez et de votre emplacement. Veuillez noter que ces estimations sont fournies par le transporteur et ne sont pas garanties par DIVALOOK ACADEMY Inc. Nous ne pouvons \u00eatre tenus responsables des retards caus\u00e9s par des facteurs hors de notre contr\u00f4le, tels que le d\u00e9douanement, les probl\u00e8mes de transporteur ou les conditions m\u00e9t\u00e9orologiques d\u00e9favorables.<\/p>\r\n<h6>EXP\u00c9DITION INTERNATIONALE<\/h6>\r\n<p>Nous sommes heureux d&rsquo;offrir l&rsquo;exp\u00e9dition internationale vers certains pays. Veuillez noter que les commandes internationales peuvent \u00eatre soumises \u00e0 des droits de douane, des taxes et autres frais, qui sont \u00e0 la charge du client. Ces frais varient selon le pays et ne sont pas inclus dans les co\u00fbts d&rsquo;exp\u00e9dition. Nous vous recommandons de contacter votre bureau de douane local pour plus d&rsquo;informations sur les frais et les r\u00e9glementations d&rsquo;importation.<\/p>\r\n<h6>SUIVI DE COMMANDE<\/h6>\r\n<p>Une fois votre commande exp\u00e9di\u00e9e, vous recevrez un num\u00e9ro de suivi par e-mail, vous permettant de suivre la progression de votre exp\u00e9dition. Si vous rencontrez des probl\u00e8mes de suivi ou de livraison, veuillez contacter directement le transporteur, car il aura les informations les plus \u00e0 jour sur votre exp\u00e9dition.<\/p>\r\n<h6>COLIS PERDUS OU ENDOMMAG\u00c9S<\/h6>\r\n<p>Si votre colis est perdu ou arrive endommag\u00e9, veuillez nous contacter dans les 48 heures suivant la r\u00e9ception de l&rsquo;article (ou, dans le cas d&rsquo;un colis perdu, dans les 48 heures suivant la date de livraison estim\u00e9e). Nous travaillerons avec vous et le transporteur pour r\u00e9soudre le probl\u00e8me le plus rapidement possible. Veuillez noter que nous ne sommes pas responsables des colis perdus, endommag\u00e9s ou vol\u00e9s apr\u00e8s avoir \u00e9t\u00e9 confirm\u00e9s comme livr\u00e9s par le transporteur.<\/p>\r\n<p>&nbsp;<\/p>\r\n<p>Si vous avez des questions ou des pr\u00e9occupations concernant notre politique d&rsquo;exp\u00e9dition, n&rsquo;h\u00e9sitez pas \u00e0 nous contacter:<\/p>\r\n<p>DIVALOOK ACADEMY Inc. Montreal, Quebec, H4A 3C9 4260, AV. Girouard, Porte 230<\/p>\r\n<p>T\u00e9l\u00e9phone : +1 (514) 462-4839<\/p>\r\n<p>E-mail : <a href=\"mailto:contact@divalookacademy.com\" target=\"_new\" rel=\"noopener\">contact@divalookacademy.com<\/a><\/p>\r\n","protected":false},"excerpt":{"rendered":"<p>Chez DIVALOOK ACADEMY Inc., nous nous effor\u00e7ons de livrer vos commandes le plus rapidement et efficacement possible. Veuillez consulter notre politique d&rsquo;exp\u00e9dition&hellip;<\/p>\n","protected":false},"author":1,"featured_media":0,"parent":0,"menu_order":0,"comment_status":"closed","ping_status":"closed","template":"","meta":{"_themeisle_gutenberg_block_has_review":false,"footnotes":""},"class_list":["post-4820","page","type-page","status-publish","hentry"],"_links":{"self":[{"href":"https:\/\/divalookacademy.com\/fr\/wp-json\/wp\/v2\/pages\/4820","targetHints":{"allow":["GET"]}}],"collection":[{"href":"https:\/\/divalookacademy.com\/fr\/wp-json\/wp\/v2\/pages"}],"about":[{"href":"https:\/\/divalookacademy.com\/fr\/wp-json\/wp\/v2\/types\/page"}],"author":[{"embeddable":true,"href":"https:\/\/divalookacademy.com\/fr\/wp-json\/wp\/v2\/users\/1"}],"replies":[{"embeddable":true,"href":"https:\/\/divalookacademy.com\/fr\/wp-json\/wp\/v2\/comments?post=4820"}],"version-history":[{"count":0,"href":"https:\/\/divalookacademy.com\/fr\/wp-json\/wp\/v2\/pages\/4820\/revisions"}],"wp:attachment":[{"href":"https:\/\/divalookacademy.com\/fr\/wp-json\/wp\/v2\/media?parent=4820"}],"curies":[{"name":"wp","href":"https:\/\/api.w.org\/{rel}","templated":true}]}}