{"id":5566,"date":"2023-05-15T11:00:33","date_gmt":"2023-05-15T11:00:33","guid":{"rendered":"https:\/\/divalookacademy.com\/consents\/"},"modified":"2023-05-15T11:45:57","modified_gmt":"2023-05-15T11:45:57","slug":"formulaires-de-consentement","status":"publish","type":"page","link":"https:\/\/divalookacademy.com\/fr\/formulaires-de-consentement\/","title":{"rendered":"Formulaires de consentement"},"content":{"rendered":"\t\t<div data-elementor-type=\"wp-page\" data-elementor-id=\"5566\" class=\"elementor elementor-5566 elementor-5487\" data-elementor-post-type=\"page\">\n\t\t\t\t\t\t<section class=\"elementor-section elementor-top-section elementor-element elementor-element-f619955 elementor-section-boxed elementor-section-height-default elementor-section-height-default\" data-id=\"f619955\" data-element_type=\"section\" data-e-type=\"section\">\n\t\t\t\t\t\t<div class=\"elementor-container elementor-column-gap-default\">\n\t\t\t\t\t<div class=\"elementor-column elementor-col-100 elementor-top-column elementor-element elementor-element-70e288b\" data-id=\"70e288b\" data-element_type=\"column\" data-e-type=\"column\">\n\t\t\t<div class=\"elementor-widget-wrap elementor-element-populated\">\n\t\t\t\t\t\t<div class=\"elementor-element elementor-element-202ca5d elementor-widget elementor-widget-heading\" data-id=\"202ca5d\" data-element_type=\"widget\" data-e-type=\"widget\" data-widget_type=\"heading.default\">\n\t\t\t\t<div class=\"elementor-widget-container\">\n\t\t\t\t\t<h2 class=\"elementor-heading-title elementor-size-default\">Remplissez les formulaires de consentement et imprimez-les ou envoyez-les \u00e0 contact@divalookacademy.com<\/h2>\t\t\t\t<\/div>\n\t\t\t\t<\/div>\n\t\t\t\t\t<\/div>\n\t\t<\/div>\n\t\t\t\t\t<\/div>\n\t\t<\/section>\n\t\t\t\t<section class=\"elementor-section elementor-top-section elementor-element elementor-element-0516da9 elementor-section-boxed elementor-section-height-default elementor-section-height-default\" data-id=\"0516da9\" data-element_type=\"section\" data-e-type=\"section\">\n\t\t\t\t\t\t<div class=\"elementor-container elementor-column-gap-default\">\n\t\t\t\t\t<div class=\"elementor-column elementor-col-50 elementor-top-column elementor-element elementor-element-f90df31\" data-id=\"f90df31\" data-element_type=\"column\" data-e-type=\"column\">\n\t\t\t<div class=\"elementor-widget-wrap elementor-element-populated\">\n\t\t\t\t\t\t<div class=\"elementor-element elementor-element-b84b84b elementor-widget elementor-widget-text-editor\" data-id=\"b84b84b\" data-element_type=\"widget\" data-e-type=\"widget\" data-widget_type=\"text-editor.default\">\n\t\t\t\t<div class=\"elementor-widget-container\">\n\t\t\t\t\t\t\t\t\t<p style=\"text-align: center;\">Obligatoire pour toutes les proc\u00e9dures<\/p>\t\t\t\t\t\t\t\t<\/div>\n\t\t\t\t<\/div>\n\t\t\t\t<div class=\"elementor-element elementor-element-650a1b3 elementor-widget elementor-widget-image\" data-id=\"650a1b3\" data-element_type=\"widget\" data-e-type=\"widget\" data-widget_type=\"image.default\">\n\t\t\t\t<div class=\"elementor-widget-container\">\n\t\t\t\t\t\t\t\t\t\t\t\t\t\t\t<img fetchpriority=\"high\" decoding=\"async\" width=\"1058\" height=\"1497\" src=\"https:\/\/divalookacademy.com\/wp-content\/uploads\/2023\/05\/Medical-History-Form-fixed-pdf-1.jpg\" class=\"attachment-large size-large wp-image-5518\" alt=\"Medical History Form\" srcset=\"https:\/\/divalookacademy.com\/wp-content\/uploads\/2023\/05\/Medical-History-Form-fixed-pdf-1.jpg 1058w, https:\/\/divalookacademy.com\/wp-content\/uploads\/2023\/05\/Medical-History-Form-fixed-pdf-1-460x651.jpg 460w, https:\/\/divalookacademy.com\/wp-content\/uploads\/2023\/05\/Medical-History-Form-fixed-pdf-1-760x1075.jpg 760w, https:\/\/divalookacademy.com\/wp-content\/uploads\/2023\/05\/Medical-History-Form-fixed-pdf-1-920x1302.jpg 920w, https:\/\/divalookacademy.com\/wp-content\/uploads\/2023\/05\/Medical-History-Form-fixed-pdf-1-102x145.jpg 102w, https:\/\/divalookacademy.com\/wp-content\/uploads\/2023\/05\/Medical-History-Form-fixed-pdf-1-205x290.jpg 205w\" sizes=\"(max-width: 1058px) 100vw, 1058px\" \/>\t\t\t\t\t\t\t\t\t\t\t\t\t\t\t<\/div>\n\t\t\t\t<\/div>\n\t\t\t\t<div class=\"elementor-element elementor-element-b3a6cc6 elementor-widget elementor-widget-spacer\" data-id=\"b3a6cc6\" data-element_type=\"widget\" data-e-type=\"widget\" data-widget_type=\"spacer.default\">\n\t\t\t\t<div class=\"elementor-widget-container\">\n\t\t\t\t\t\t\t<div class=\"elementor-spacer\">\n\t\t\t<div class=\"elementor-spacer-inner\"><\/div>\n\t\t<\/div>\n\t\t\t\t\t\t<\/div>\n\t\t\t\t<\/div>\n\t\t\t\t<div class=\"elementor-element elementor-element-7d71018 elementor-align-center elementor-widget elementor-widget-ideapark-button\" data-id=\"7d71018\" data-element_type=\"widget\" data-e-type=\"widget\" data-widget_type=\"ideapark-button.default\">\n\t\t\t\t<div class=\"elementor-widget-container\">\n\t\t\t\t\t\t\t<div class=\"c-ip-button__wrap\">\n\t\t\t<a href=\"https:\/\/divalookacademy.com\/wp-content\/uploads\/2023\/05\/Medical-History-Form-fixed.pdf\" download=\"\" class=\"c-button c-ip-button c-button--default\" role=\"button\">\n\t\t\t\t\t\t\t\t<span class=\"c-ip-button__text\">t\u00e9l\u00e9charger<\/span>\n\t\t\t\t\t\t\t<\/a>\n\t\t<\/div>\n\t\t\t\t\t\t<\/div>\n\t\t\t\t<\/div>\n\t\t\t\t\t<\/div>\n\t\t<\/div>\n\t\t\t\t<div class=\"elementor-column elementor-col-50 elementor-top-column elementor-element elementor-element-d70ec94\" data-id=\"d70ec94\" data-element_type=\"column\" data-e-type=\"column\">\n\t\t\t<div class=\"elementor-widget-wrap elementor-element-populated\">\n\t\t\t\t\t\t<div class=\"elementor-element elementor-element-6697455 elementor-widget elementor-widget-text-editor\" data-id=\"6697455\" data-element_type=\"widget\" data-e-type=\"widget\" data-widget_type=\"text-editor.default\">\n\t\t\t\t<div class=\"elementor-widget-container\">\n\t\t\t\t\t\t\t\t\t<p style=\"text-align: center;\">Obligatoire pour toutes les proc\u00e9dures<\/p>\t\t\t\t\t\t\t\t<\/div>\n\t\t\t\t<\/div>\n\t\t\t\t<div class=\"elementor-element elementor-element-f00229b elementor-widget elementor-widget-image\" data-id=\"f00229b\" data-element_type=\"widget\" data-e-type=\"widget\" data-widget_type=\"image.default\">\n\t\t\t\t<div class=\"elementor-widget-container\">\n\t\t\t\t\t\t\t\t\t\t\t\t\t\t\t<img decoding=\"async\" width=\"1058\" height=\"1497\" src=\"https:\/\/divalookacademy.com\/wp-content\/uploads\/2023\/05\/Possible-Risks-Hazards-or-Complication-pdf-1.jpg\" class=\"attachment-large size-large wp-image-5520\" alt=\"Possible Risks Hazards or Complication\" srcset=\"https:\/\/divalookacademy.com\/wp-content\/uploads\/2023\/05\/Possible-Risks-Hazards-or-Complication-pdf-1.jpg 1058w, https:\/\/divalookacademy.com\/wp-content\/uploads\/2023\/05\/Possible-Risks-Hazards-or-Complication-pdf-1-460x651.jpg 460w, https:\/\/divalookacademy.com\/wp-content\/uploads\/2023\/05\/Possible-Risks-Hazards-or-Complication-pdf-1-760x1075.jpg 760w, https:\/\/divalookacademy.com\/wp-content\/uploads\/2023\/05\/Possible-Risks-Hazards-or-Complication-pdf-1-920x1302.jpg 920w, https:\/\/divalookacademy.com\/wp-content\/uploads\/2023\/05\/Possible-Risks-Hazards-or-Complication-pdf-1-102x145.jpg 102w, https:\/\/divalookacademy.com\/wp-content\/uploads\/2023\/05\/Possible-Risks-Hazards-or-Complication-pdf-1-205x290.jpg 205w\" sizes=\"(max-width: 1058px) 100vw, 1058px\" \/>\t\t\t\t\t\t\t\t\t\t\t\t\t\t\t<\/div>\n\t\t\t\t<\/div>\n\t\t\t\t<div class=\"elementor-element elementor-element-9d95ca6 elementor-widget elementor-widget-spacer\" data-id=\"9d95ca6\" data-element_type=\"widget\" data-e-type=\"widget\" data-widget_type=\"spacer.default\">\n\t\t\t\t<div class=\"elementor-widget-container\">\n\t\t\t\t\t\t\t<div class=\"elementor-spacer\">\n\t\t\t<div class=\"elementor-spacer-inner\"><\/div>\n\t\t<\/div>\n\t\t\t\t\t\t<\/div>\n\t\t\t\t<\/div>\n\t\t\t\t<div class=\"elementor-element elementor-element-f336c9c elementor-align-center elementor-widget elementor-widget-ideapark-button\" data-id=\"f336c9c\" data-element_type=\"widget\" data-e-type=\"widget\" data-widget_type=\"ideapark-button.default\">\n\t\t\t\t<div class=\"elementor-widget-container\">\n\t\t\t\t\t\t\t<div class=\"c-ip-button__wrap\">\n\t\t\t<a href=\"https:\/\/divalookacademy.com\/wp-content\/uploads\/2023\/05\/Possible-Risks-Hazards-or-Complication.pdf\" download=\"\" class=\"c-button c-ip-button c-button--default\" role=\"button\">\n\t\t\t\t\t\t\t\t<span class=\"c-ip-button__text\">t\u00e9l\u00e9charger<\/span>\n\t\t\t\t\t\t\t<\/a>\n\t\t<\/div>\n\t\t\t\t\t\t<\/div>\n\t\t\t\t<\/div>\n\t\t\t\t\t<\/div>\n\t\t<\/div>\n\t\t\t\t\t<\/div>\n\t\t<\/section>\n\t\t\t\t<section class=\"elementor-section elementor-top-section elementor-element elementor-element-80ad78c elementor-section-boxed elementor-section-height-default elementor-section-height-default\" data-id=\"80ad78c\" data-element_type=\"section\" data-e-type=\"section\">\n\t\t\t\t\t\t<div class=\"elementor-container elementor-column-gap-default\">\n\t\t\t\t\t<div class=\"elementor-column elementor-col-50 elementor-top-column elementor-element elementor-element-67ce124\" data-id=\"67ce124\" data-element_type=\"column\" data-e-type=\"column\">\n\t\t\t<div class=\"elementor-widget-wrap elementor-element-populated\">\n\t\t\t\t\t\t<div class=\"elementor-element elementor-element-ab8ea99 elementor-widget elementor-widget-text-editor\" data-id=\"ab8ea99\" data-element_type=\"widget\" data-e-type=\"widget\" data-widget_type=\"text-editor.default\">\n\t\t\t\t<div class=\"elementor-widget-container\">\n\t\t\t\t\t\t\t\t\t<p style=\"text-align: center;\">Obligatoire uniquement pour les proc\u00e9dures de Microblading et de Maquillage Permanent<\/p>\t\t\t\t\t\t\t\t<\/div>\n\t\t\t\t<\/div>\n\t\t\t\t<div class=\"elementor-element elementor-element-1db495a elementor-widget elementor-widget-image\" data-id=\"1db495a\" data-element_type=\"widget\" data-e-type=\"widget\" data-widget_type=\"image.default\">\n\t\t\t\t<div class=\"elementor-widget-container\">\n\t\t\t\t\t\t\t\t\t\t\t\t\t\t\t<img decoding=\"async\" width=\"1058\" height=\"1497\" src=\"https:\/\/divalookacademy.com\/wp-content\/uploads\/2023\/05\/Microblading-and-Permanent-Makeup-Consent-Form-pdf-1.jpg\" class=\"attachment-large size-large wp-image-5522\" alt=\"Microblading and Permanent Makeup Consent Form\" srcset=\"https:\/\/divalookacademy.com\/wp-content\/uploads\/2023\/05\/Microblading-and-Permanent-Makeup-Consent-Form-pdf-1.jpg 1058w, https:\/\/divalookacademy.com\/wp-content\/uploads\/2023\/05\/Microblading-and-Permanent-Makeup-Consent-Form-pdf-1-460x651.jpg 460w, https:\/\/divalookacademy.com\/wp-content\/uploads\/2023\/05\/Microblading-and-Permanent-Makeup-Consent-Form-pdf-1-760x1075.jpg 760w, https:\/\/divalookacademy.com\/wp-content\/uploads\/2023\/05\/Microblading-and-Permanent-Makeup-Consent-Form-pdf-1-920x1302.jpg 920w, https:\/\/divalookacademy.com\/wp-content\/uploads\/2023\/05\/Microblading-and-Permanent-Makeup-Consent-Form-pdf-1-102x145.jpg 102w, https:\/\/divalookacademy.com\/wp-content\/uploads\/2023\/05\/Microblading-and-Permanent-Makeup-Consent-Form-pdf-1-205x290.jpg 205w\" sizes=\"(max-width: 1058px) 100vw, 1058px\" \/>\t\t\t\t\t\t\t\t\t\t\t\t\t\t\t<\/div>\n\t\t\t\t<\/div>\n\t\t\t\t<div class=\"elementor-element elementor-element-88f0714 elementor-widget elementor-widget-spacer\" data-id=\"88f0714\" data-element_type=\"widget\" data-e-type=\"widget\" data-widget_type=\"spacer.default\">\n\t\t\t\t<div class=\"elementor-widget-container\">\n\t\t\t\t\t\t\t<div class=\"elementor-spacer\">\n\t\t\t<div class=\"elementor-spacer-inner\"><\/div>\n\t\t<\/div>\n\t\t\t\t\t\t<\/div>\n\t\t\t\t<\/div>\n\t\t\t\t<div class=\"elementor-element elementor-element-548566b elementor-align-center elementor-widget elementor-widget-ideapark-button\" data-id=\"548566b\" data-element_type=\"widget\" data-e-type=\"widget\" data-widget_type=\"ideapark-button.default\">\n\t\t\t\t<div class=\"elementor-widget-container\">\n\t\t\t\t\t\t\t<div class=\"c-ip-button__wrap\">\n\t\t\t<a href=\"https:\/\/divalookacademy.com\/wp-content\/uploads\/2023\/05\/Microblading-and-Permanent-Makeup-Consent-Form.pdf\" download=\"\" class=\"c-button c-ip-button c-button--default\" role=\"button\">\n\t\t\t\t\t\t\t\t<span class=\"c-ip-button__text\">t\u00e9l\u00e9charger<\/span>\n\t\t\t\t\t\t\t<\/a>\n\t\t<\/div>\n\t\t\t\t\t\t<\/div>\n\t\t\t\t<\/div>\n\t\t\t\t\t<\/div>\n\t\t<\/div>\n\t\t\t\t<div class=\"elementor-column elementor-col-50 elementor-top-column elementor-element elementor-element-703631c\" data-id=\"703631c\" data-element_type=\"column\" data-e-type=\"column\">\n\t\t\t<div class=\"elementor-widget-wrap elementor-element-populated\">\n\t\t\t\t\t\t<div class=\"elementor-element elementor-element-c67394d elementor-widget elementor-widget-text-editor\" data-id=\"c67394d\" data-element_type=\"widget\" data-e-type=\"widget\" data-widget_type=\"text-editor.default\">\n\t\t\t\t<div class=\"elementor-widget-container\">\n\t\t\t\t\t\t\t\t\t<p style=\"text-align: center;\">Obligatoire uniquement pour la proc\u00e9dure d&rsquo;\u00e9claircissement des pigments<\/p>\t\t\t\t\t\t\t\t<\/div>\n\t\t\t\t<\/div>\n\t\t\t\t<div class=\"elementor-element elementor-element-d5e8787 elementor-widget elementor-widget-image\" data-id=\"d5e8787\" data-element_type=\"widget\" data-e-type=\"widget\" data-widget_type=\"image.default\">\n\t\t\t\t<div class=\"elementor-widget-container\">\n\t\t\t\t\t\t\t\t\t\t\t\t\t\t\t<img loading=\"lazy\" decoding=\"async\" width=\"1058\" height=\"1497\" src=\"https:\/\/divalookacademy.com\/wp-content\/uploads\/2023\/05\/Consent-for-Pigment-Color-form-1-pdf-1.jpg\" class=\"attachment-large size-large wp-image-5516\" alt=\"Consent for Pigment Color form\" srcset=\"https:\/\/divalookacademy.com\/wp-content\/uploads\/2023\/05\/Consent-for-Pigment-Color-form-1-pdf-1.jpg 1058w, https:\/\/divalookacademy.com\/wp-content\/uploads\/2023\/05\/Consent-for-Pigment-Color-form-1-pdf-1-460x651.jpg 460w, https:\/\/divalookacademy.com\/wp-content\/uploads\/2023\/05\/Consent-for-Pigment-Color-form-1-pdf-1-760x1075.jpg 760w, https:\/\/divalookacademy.com\/wp-content\/uploads\/2023\/05\/Consent-for-Pigment-Color-form-1-pdf-1-920x1302.jpg 920w, https:\/\/divalookacademy.com\/wp-content\/uploads\/2023\/05\/Consent-for-Pigment-Color-form-1-pdf-1-102x145.jpg 102w, https:\/\/divalookacademy.com\/wp-content\/uploads\/2023\/05\/Consent-for-Pigment-Color-form-1-pdf-1-205x290.jpg 205w\" sizes=\"(max-width: 1058px) 100vw, 1058px\" \/>\t\t\t\t\t\t\t\t\t\t\t\t\t\t\t<\/div>\n\t\t\t\t<\/div>\n\t\t\t\t<div class=\"elementor-element elementor-element-577cb7f elementor-widget elementor-widget-spacer\" data-id=\"577cb7f\" data-element_type=\"widget\" data-e-type=\"widget\" data-widget_type=\"spacer.default\">\n\t\t\t\t<div class=\"elementor-widget-container\">\n\t\t\t\t\t\t\t<div class=\"elementor-spacer\">\n\t\t\t<div class=\"elementor-spacer-inner\"><\/div>\n\t\t<\/div>\n\t\t\t\t\t\t<\/div>\n\t\t\t\t<\/div>\n\t\t\t\t<div class=\"elementor-element elementor-element-7b5f900 elementor-align-center elementor-widget elementor-widget-ideapark-button\" data-id=\"7b5f900\" data-element_type=\"widget\" data-e-type=\"widget\" data-widget_type=\"ideapark-button.default\">\n\t\t\t\t<div class=\"elementor-widget-container\">\n\t\t\t\t\t\t\t<div class=\"c-ip-button__wrap\">\n\t\t\t<a href=\"https:\/\/divalookacademy.com\/wp-content\/uploads\/2023\/05\/Consent-for-Pigment-Color-form-1.pdf\" download=\"\" class=\"c-button c-ip-button c-button--default\" role=\"button\">\n\t\t\t\t\t\t\t\t<span class=\"c-ip-button__text\">t\u00e9l\u00e9charger<\/span>\n\t\t\t\t\t\t\t<\/a>\n\t\t<\/div>\n\t\t\t\t\t\t<\/div>\n\t\t\t\t<\/div>\n\t\t\t\t\t<\/div>\n\t\t<\/div>\n\t\t\t\t\t<\/div>\n\t\t<\/section>\n\t\t\t\t<\/div>\n\t\t","protected":false},"excerpt":{"rendered":"<p>Remplissez les formulaires de consentement et imprimez-les ou envoyez-les \u00e0 contact@divalookacademy.com Obligatoire pour toutes les proc\u00e9dures t\u00e9l\u00e9charger Obligatoire pour toutes les proc\u00e9dures&hellip;<\/p>\n","protected":false},"author":1,"featured_media":0,"parent":0,"menu_order":0,"comment_status":"closed","ping_status":"closed","template":"","meta":{"_themeisle_gutenberg_block_has_review":false,"footnotes":""},"class_list":["post-5566","page","type-page","status-publish","hentry"],"_links":{"self":[{"href":"https:\/\/divalookacademy.com\/fr\/wp-json\/wp\/v2\/pages\/5566","targetHints":{"allow":["GET"]}}],"collection":[{"href":"https:\/\/divalookacademy.com\/fr\/wp-json\/wp\/v2\/pages"}],"about":[{"href":"https:\/\/divalookacademy.com\/fr\/wp-json\/wp\/v2\/types\/page"}],"author":[{"embeddable":true,"href":"https:\/\/divalookacademy.com\/fr\/wp-json\/wp\/v2\/users\/1"}],"replies":[{"embeddable":true,"href":"https:\/\/divalookacademy.com\/fr\/wp-json\/wp\/v2\/comments?post=5566"}],"version-history":[{"count":0,"href":"https:\/\/divalookacademy.com\/fr\/wp-json\/wp\/v2\/pages\/5566\/revisions"}],"wp:attachment":[{"href":"https:\/\/divalookacademy.com\/fr\/wp-json\/wp\/v2\/media?parent=5566"}],"curies":[{"name":"wp","href":"https:\/\/api.w.org\/{rel}","templated":true}]}}