{"id":4914,"date":"2023-04-28T09:27:44","date_gmt":"2023-04-28T13:27:44","guid":{"rendered":"https:\/\/divalookacademy.com\/shop\/divalook-professional-eyebrow-tweezers\/"},"modified":"2023-06-10T03:33:57","modified_gmt":"2023-06-10T07:33:57","slug":"divalook-pinces-a-sourcils-professionnelles","status":"publish","type":"product","link":"https:\/\/divalookacademy.com\/fr\/shop\/divalook-pinces-a-sourcils-professionnelles\/","title":{"rendered":"DIVALOOK Pinces \u00e0 sourcils professionnelles"},"content":{"rendered":"","protected":false},"excerpt":{"rendered":"<p>Cette pince \u00e0 \u00e9piler \u00e0 pointe biseaut\u00e9e est id\u00e9ale pour enlever les poils du visage. La finition miroir ajoute une apparence polie \u00e0 cet outil.<\/p>\n<ul>\n<li>Durable et r\u00e9sistant \u00e0 la rouille<\/li>\n<li>Acier japonais<\/li>\n<li>L\u00e9ger<\/li>\n<li>Attrape facilement les poils ind\u00e9sirables<\/li>\n<\/ul>\n","protected":false},"featured_media":5732,"comment_status":"open","ping_status":"closed","template":"","meta":{"_themeisle_gutenberg_block_has_review":false},"product_cat":[96,122],"product_tag":[],"class_list":{"0":"post-4914","1":"product","2":"type-product","3":"status-publish","4":"has-post-thumbnail","6":"product_cat-extensions-de-cils","7":"product_cat-pincettes-ciseaux","9":"first","10":"instock","11":"taxable","12":"shipping-taxable","13":"purchasable","14":"product-type-simple"},"_links":{"self":[{"href":"https:\/\/divalookacademy.com\/fr\/wp-json\/wp\/v2\/product\/4914","targetHints":{"allow":["GET"]}}],"collection":[{"href":"https:\/\/divalookacademy.com\/fr\/wp-json\/wp\/v2\/product"}],"about":[{"href":"https:\/\/divalookacademy.com\/fr\/wp-json\/wp\/v2\/types\/product"}],"replies":[{"embeddable":true,"href":"https:\/\/divalookacademy.com\/fr\/wp-json\/wp\/v2\/comments?post=4914"}],"version-history":[{"count":0,"href":"https:\/\/divalookacademy.com\/fr\/wp-json\/wp\/v2\/product\/4914\/revisions"}],"wp:featuredmedia":[{"embeddable":true,"href":"https:\/\/divalookacademy.com\/fr\/wp-json\/wp\/v2\/media\/5732"}],"wp:attachment":[{"href":"https:\/\/divalookacademy.com\/fr\/wp-json\/wp\/v2\/media?parent=4914"}],"wp:term":[{"taxonomy":"product_cat","embeddable":true,"href":"https:\/\/divalookacademy.com\/fr\/wp-json\/wp\/v2\/product_cat?post=4914"},{"taxonomy":"product_tag","embeddable":true,"href":"https:\/\/divalookacademy.com\/fr\/wp-json\/wp\/v2\/product_tag?post=4914"}],"curies":[{"name":"wp","href":"https:\/\/api.w.org\/{rel}","templated":true}]}}