{"id":4928,"date":"2023-04-26T19:21:50","date_gmt":"2023-04-26T19:21:50","guid":{"rendered":"https:\/\/divalookacademy.com\/shop\/pads-for-eyelash-extensions\/"},"modified":"2023-05-06T12:08:50","modified_gmt":"2023-05-06T12:08:50","slug":"pads-for-eyelash-extensions","status":"publish","type":"product","link":"https:\/\/divalookacademy.com\/fr\/shop\/pads-for-eyelash-extensions\/","title":{"rendered":"Pads for eyelash extensions"},"content":{"rendered":"","protected":false},"excerpt":{"rendered":"<p>Comprend 50 paires<\/p>\n<p>Conseils Utiles:<\/p>\n<p>Appliquez les patchs pour les yeux pr\u00e8s de la ligne d&rsquo;eau, en fixant tous les cils inf\u00e9rieurs, demandez au client de fermer lentement. Maintenant, vous pouvez r\u00e9ajuster les patchs en les tirant vers le bas, loin de l&rsquo;\u0153il. Ne les tirez jamais vers le haut vers l&rsquo;\u0153il (uniquement vers le bas).<\/p>\n<p>Demandez toujours \u00e0 votre client comment les patchs pour les yeux se sentent, car vous devrez peut-\u00eatre les r\u00e9ajuster. V\u00e9rifiez que les patchs ne touchent pas le globe oculaire en soulevant doucement la paupi\u00e8re pour v\u00e9rifier. Pendant que vous y \u00eates, v\u00e9rifiez que tous les cils inf\u00e9rieurs sont fix\u00e9s. Si des cils inf\u00e9rieurs ont \u00e9chapp\u00e9, utilisez du ruban adh\u00e9sif pour les fixer.<\/p>\n","protected":false},"featured_media":4714,"comment_status":"closed","ping_status":"closed","template":"","meta":{"_themeisle_gutenberg_block_has_review":false},"product_cat":[96],"product_tag":[],"class_list":{"0":"post-4928","1":"product","2":"type-product","3":"status-publish","4":"has-post-thumbnail","6":"product_cat-extensions-de-cils","8":"first","9":"instock","10":"taxable","11":"shipping-taxable","12":"purchasable","13":"product-type-simple"},"_links":{"self":[{"href":"https:\/\/divalookacademy.com\/fr\/wp-json\/wp\/v2\/product\/4928","targetHints":{"allow":["GET"]}}],"collection":[{"href":"https:\/\/divalookacademy.com\/fr\/wp-json\/wp\/v2\/product"}],"about":[{"href":"https:\/\/divalookacademy.com\/fr\/wp-json\/wp\/v2\/types\/product"}],"replies":[{"embeddable":true,"href":"https:\/\/divalookacademy.com\/fr\/wp-json\/wp\/v2\/comments?post=4928"}],"version-history":[{"count":0,"href":"https:\/\/divalookacademy.com\/fr\/wp-json\/wp\/v2\/product\/4928\/revisions"}],"wp:featuredmedia":[{"embeddable":true,"href":"https:\/\/divalookacademy.com\/fr\/wp-json\/wp\/v2\/media\/4714"}],"wp:attachment":[{"href":"https:\/\/divalookacademy.com\/fr\/wp-json\/wp\/v2\/media?parent=4928"}],"wp:term":[{"taxonomy":"product_cat","embeddable":true,"href":"https:\/\/divalookacademy.com\/fr\/wp-json\/wp\/v2\/product_cat?post=4928"},{"taxonomy":"product_tag","embeddable":true,"href":"https:\/\/divalookacademy.com\/fr\/wp-json\/wp\/v2\/product_tag?post=4928"}],"curies":[{"name":"wp","href":"https:\/\/api.w.org\/{rel}","templated":true}]}}