{"id":4930,"date":"2023-04-26T19:06:46","date_gmt":"2023-04-26T23:06:46","guid":{"rendered":"https:\/\/divalookacademy.com\/shop\/divalook-lashes\/"},"modified":"2024-03-27T12:07:24","modified_gmt":"2024-03-27T16:07:24","slug":"divalook-cils","status":"publish","type":"product","link":"https:\/\/divalookacademy.com\/fr\/shop\/divalook-cils\/","title":{"rendered":"Divalook Cils"},"content":{"rendered":"<p>DIVALOOK est un distributeur mondial de produits de qualit\u00e9. Large s\u00e9lection de produits et accessoires pour les cils:<\/p>\n<p>\u273bCils de qualit\u00e9 sup\u00e9rieure<\/p>\n<p>\u273bUne large gamme d&rsquo;outils<\/p>\n<p>\u273bConcevez votre kit<\/p>\n<p>\u273bLivraison gratuite pour les commandes de plus de 99 $ \u00e0 travers le Canada<\/p>\n<p>\u273bRamassage gratuit en magasin<\/p>\n","protected":false},"excerpt":{"rendered":"<p>Les extensions de cils DIVALOOK sont fabriqu\u00e9es en vison de premi\u00e8re qualit\u00e9. Elles sont riches en couleur noire, ne causent pas d&rsquo;irritation ni d&rsquo;allergies et sont confortables \u00e0 porter. Les cils DIVALOOK sont disponibles dans une vari\u00e9t\u00e9 de longueurs, de diam\u00e8tres et de courbures. Avec autant de personnalisation disponible, vous \u00eates s\u00fbr de trouver le look parfait pour chaque client. Nos extensions de cils sont des cils individuels plac\u00e9s commod\u00e9ment les uns \u00e0 c\u00f4t\u00e9 des autres sur une ligne et sont id\u00e9ales pour l&rsquo;application d&rsquo;extensions de cils volume et classiques.<\/p>\n<p>Cils de luxe Couleur noire intense Cils individuels Sans danger pour les cils naturels<\/p>\n","protected":false},"featured_media":4691,"comment_status":"closed","ping_status":"closed","template":"","meta":{"_themeisle_gutenberg_block_has_review":false},"product_cat":[96,119],"product_tag":[],"class_list":{"0":"post-4930","1":"product","2":"type-product","3":"status-publish","4":"has-post-thumbnail","6":"product_cat-extensions-de-cils","7":"product_cat-extensions-de-cils-fr","9":"first","10":"instock","11":"taxable","12":"shipping-taxable","13":"purchasable","14":"product-type-variable"},"_links":{"self":[{"href":"https:\/\/divalookacademy.com\/fr\/wp-json\/wp\/v2\/product\/4930","targetHints":{"allow":["GET"]}}],"collection":[{"href":"https:\/\/divalookacademy.com\/fr\/wp-json\/wp\/v2\/product"}],"about":[{"href":"https:\/\/divalookacademy.com\/fr\/wp-json\/wp\/v2\/types\/product"}],"replies":[{"embeddable":true,"href":"https:\/\/divalookacademy.com\/fr\/wp-json\/wp\/v2\/comments?post=4930"}],"version-history":[{"count":0,"href":"https:\/\/divalookacademy.com\/fr\/wp-json\/wp\/v2\/product\/4930\/revisions"}],"wp:featuredmedia":[{"embeddable":true,"href":"https:\/\/divalookacademy.com\/fr\/wp-json\/wp\/v2\/media\/4691"}],"wp:attachment":[{"href":"https:\/\/divalookacademy.com\/fr\/wp-json\/wp\/v2\/media?parent=4930"}],"wp:term":[{"taxonomy":"product_cat","embeddable":true,"href":"https:\/\/divalookacademy.com\/fr\/wp-json\/wp\/v2\/product_cat?post=4930"},{"taxonomy":"product_tag","embeddable":true,"href":"https:\/\/divalookacademy.com\/fr\/wp-json\/wp\/v2\/product_tag?post=4930"}],"curies":[{"name":"wp","href":"https:\/\/api.w.org\/{rel}","templated":true}]}}