{"id":4935,"date":"2023-04-26T18:52:50","date_gmt":"2023-04-26T22:52:50","guid":{"rendered":"https:\/\/divalookacademy.com\/shop\/zensa-numbing-cream\/"},"modified":"2023-05-08T20:03:37","modified_gmt":"2023-05-08T20:03:37","slug":"zensa-lidocaine-creme","status":"publish","type":"product","link":"https:\/\/divalookacademy.com\/fr\/shop\/zensa-lidocaine-creme\/","title":{"rendered":"Zensa Lidoca\u00efne Cr\u00e8me"},"content":{"rendered":"<p><strong>Mode d&#8217;emloi:<\/strong><\/p>\n<ol>\n<li>Nettoyez la zone avec une solution antiseptique. Appliquez une couche \u00e9paisse de cr\u00e8me sur la peau.<\/li>\n<li>Couvrir la zone avec une pellicule plastique. Laissez-le pendant 30 minutes.<\/li>\n<li>Apr\u00e8s 30 minutes, retirez le pansement et essuyez l&rsquo;exc\u00e8s de cr\u00e8me avec du papier de soie.<\/li>\n<\/ol>\n","protected":false},"excerpt":{"rendered":"<p>Ingr\u00e9dient m\u00e9dicinal: Lidoca\u00efne 5% (p\/p)<br \/>\nUsage topique: Pour le soulegement temporaire de la douleur.<\/p>\n","protected":false},"featured_media":4713,"comment_status":"closed","ping_status":"closed","template":"","meta":{"_themeisle_gutenberg_block_has_review":false},"product_cat":[100],"product_tag":[],"class_list":{"0":"post-4935","1":"product","2":"type-product","3":"status-publish","4":"has-post-thumbnail","6":"product_cat-anesthesiques-topiques","8":"first","9":"instock","10":"taxable","11":"shipping-taxable","12":"purchasable","13":"product-type-simple"},"_links":{"self":[{"href":"https:\/\/divalookacademy.com\/fr\/wp-json\/wp\/v2\/product\/4935","targetHints":{"allow":["GET"]}}],"collection":[{"href":"https:\/\/divalookacademy.com\/fr\/wp-json\/wp\/v2\/product"}],"about":[{"href":"https:\/\/divalookacademy.com\/fr\/wp-json\/wp\/v2\/types\/product"}],"replies":[{"embeddable":true,"href":"https:\/\/divalookacademy.com\/fr\/wp-json\/wp\/v2\/comments?post=4935"}],"version-history":[{"count":0,"href":"https:\/\/divalookacademy.com\/fr\/wp-json\/wp\/v2\/product\/4935\/revisions"}],"wp:featuredmedia":[{"embeddable":true,"href":"https:\/\/divalookacademy.com\/fr\/wp-json\/wp\/v2\/media\/4713"}],"wp:attachment":[{"href":"https:\/\/divalookacademy.com\/fr\/wp-json\/wp\/v2\/media?parent=4935"}],"wp:term":[{"taxonomy":"product_cat","embeddable":true,"href":"https:\/\/divalookacademy.com\/fr\/wp-json\/wp\/v2\/product_cat?post=4935"},{"taxonomy":"product_tag","embeddable":true,"href":"https:\/\/divalookacademy.com\/fr\/wp-json\/wp\/v2\/product_tag?post=4935"}],"curies":[{"name":"wp","href":"https:\/\/api.w.org\/{rel}","templated":true}]}}